{"id":232,"date":"2019-02-27T15:43:19","date_gmt":"2019-02-27T15:43:19","guid":{"rendered":"https:\/\/acis.site\/wp\/?page_id=232"},"modified":"2021-01-04T12:24:40","modified_gmt":"2021-01-04T12:24:40","slug":"historia","status":"publish","type":"page","link":"https:\/\/acis.site\/wp\/quem-somos\/historia\/","title":{"rendered":"Hist\u00f3ria"},"content":{"rendered":"\n<p>Recordar o passado com gratid\u00e3o\u2026<\/p>\n\n\n\n<p>No ano de 1994, pela indispensabilidade do suster pr\u00e9stimo \u00e0 \u201cEscola Profissional de Sernancelhe\u201d , para candidaturas na \u00e1rea da forma\u00e7\u00e3o, foi criada uma \u201cComiss\u00e3o Administrativa\u201d , tendo como 1\u00ba Presidente eleito, o Sr. Jo\u00e3o Aguiar Rainho e a sua sede situava-se na Rua do Col\u00e9gio &#8211; Bloco 4 Fra\u00e7\u00e3o C \u2013 3640 Sernancelhe (Gabinete de Contabilidade Debatconta).<\/p>\n\n\n\n<p>No entanto, existiam lacunas entre empresas e empres\u00e1rios que sentiam a cont\u00ednua escassez de assist\u00eancia, por isso no dia 6 dezembro do ano 2004, d\u00e1-se uma mudan\u00e7a e esta \u201cComiss\u00e3o Administrativa&#8221;, passa oficialmente a denominar-se \u201cAcis\u201d &#8211; \u201cAssocia\u00e7\u00e3o Comercial e Industrial de Sernancelhe\u201d e contava com cerca de uma dezena de associados. Tornou-se uma associa\u00e7\u00e3o sem fins lucrativos, com o prop\u00f3sito de salvaguardar e cooperar para o desenvolvimento das empresas nela filiadas, nas diferentes \u00e1reas desde t\u00e9cnica, econ\u00f4mica, comercial, associativa, cultural e social, em estreita colabora\u00e7\u00e3o com as demais institui\u00e7\u00f5es e institutos locais, regionais, criando uma sinergia de for\u00e7as na dire\u00e7\u00e3o ao crescimento !<\/p>\n\n\n\n<p>No dia 4 de abril de 2007 houve altera\u00e7\u00e3o de estatutos e no ano de 2009 a sede passou a ser na Rua Dr. Oliveira Serr\u00e3o, n.\u00ba 6, Centro de Artes em Sernancelhe.<\/p>\n\n\n\n<p>&#8220;Acis&#8221; \u00e9 uma associa\u00e7\u00e3o aberta a toda a comunidade, com os principais servi\u00e7os desde a presta\u00e7\u00e3o de informa\u00e7\u00e3o aos seus associados sobre atividades comerciais, considera\u00e7\u00f5es legais, apoio jur\u00eddico, apoio \u00e0 gest\u00e3o e rela\u00e7\u00f5es com entidades reguladoras e governamentais. Ainda com a responsabilidade de incutir e promover o esp\u00edrito de solidariedade, contribuindo para o desenvolvimento cultural e profissional da sua comunidade.<\/p>\n\n\n\n<p>O Sr. Jo\u00e3o Aguiar Rainho manteve-se como Presidente at\u00e9 8 Janeiro 2019, tomando posse o Sr. Jo\u00e3o Manuel Cachinho Aguiar, no dia 9 de janeiro de 2019.<\/p>\n\n\n\n<p>Consolidar e acreditar no presente\u2026<\/p>\n\n\n\n<p>Logo no primeiro mandato e num curto espa\u00e7o de tempo, o sr. Presidente Jo\u00e3o Aguiar em conjunto com os restantes elementos da dire\u00e7\u00e3o, consolidaram e solidificaram a associa\u00e7\u00e3o, o n\u00famero de associados subiu para mais de meia centena, novos e variados programas de diferentes incentivos foram disponibilizados, desenvolvidas \u201cApp\u201d ,disponibilizadas novas e variadas forma\u00e7\u00f5es, al\u00e9m de eventos, como feiras nacionais e internacionais onde empres\u00e1rios e empresas puderam promover o melhor que se faz na regi\u00e3o. Este primeiro desafio, foi conclu\u00eddo com sucesso e por isso, esta \u201cequipa de lideran\u00e7a\u201d, voltou a propor o cont\u00ednuo voto de confian\u00e7a dos seus associados, com nova candidatura da sua lista, e no dia 26 de dezembro na sede da \u201cAssocia\u00e7\u00e3o Acis\u201d, os antigos e novos associados, responderam positivamente com toda a convic\u00e7\u00e3o e firmeza com aprova\u00e7\u00e3o \u00e0 progress\u00e3o de toda a dire\u00e7\u00e3o, liderada pelo Presidente da Dire\u00e7\u00e3o o Sr. Jo\u00e3o Aguiar.<\/p>\n\n\n\n<p>Encarar e aceitar os desafios do futuro com otimismo\u2026<\/p>\n\n\n\n<p>Com o cont\u00ednuo desenvolvimento global, com todas as altera\u00e7\u00f5es que imprevisivelmente v\u00e3o ocorrendo quer no pa\u00eds quer no mundo, urge alargar os horizontes olhando-o com outra perspectiva dimensional, abandonado os arcaicos conceitos e dogmas do individualismo e da fobia da competitividade.Os caminhos dif\u00edceis, o ego\u00edsmo, o medo de novos ideais sempre aprisionaram a expans\u00e3o, mas \u00e9 nas dificuldades que est\u00e3o os alicerces do sucesso! Por estes factores, \u00e9 chegado o momento desta associa\u00e7\u00e3o se desafiar, derrubar muros e construir pontes! Perante a inatividade de outras associa\u00e7\u00f5es, o maior desafio \u00e9 agregar empres\u00e1rios de outros munic\u00edpios desvalidos de sustentabilidade, de forma a que unidos e coesos , conseguiam juntos, alavancar maiores apoios, maior reconhecimento nacional das empresas deste territ\u00f3rio, afirmando inequivocamente o seu verdadeiro potencial, exigindo que o mesmo seja reconhecido n\u00e3o apenas com discursos e promessas v\u00e3s, mas com obras que complementem o seu progresso!<\/p>\n\n\n\n<p>\u201cUMA ASSOCIA\u00c7\u00c3O ABERTA A TODOS E PARA TODOS\u201d<\/p>\n\n\n\n<p>A maioria dos sucessos brota da supera\u00e7\u00e3o di\u00e1ria dos obst\u00e1culos, da constru\u00e7\u00e3o conjunta, da conex\u00e3o de sinergias, fazendo desta associa\u00e7\u00e3o, uma associa\u00e7\u00e3o de todos e para todos!<\/p>\n\n\n\n<p>A \u201cRevista Inova\u00e7\u00e3o ACISBA \u201c, ser\u00e1 a embaixadora que difundir\u00e1 para o mundo, temas relacionados com as as empresas, empres\u00e1rios , conquistas e lutas de cada um! Acompanhem-nos!<\/p>\n","protected":false},"excerpt":{"rendered":"<p>Recordar o passado com gratid\u00e3o\u2026 No ano de 1994, pela indispensabilidade do suster pr\u00e9stimo \u00e0 \u201cEscola Profissional de Sernancelhe\u201d , para candidaturas na \u00e1rea da forma\u00e7\u00e3o, foi criada uma \u201cComiss\u00e3o Administrativa\u201d , tendo como 1\u00ba Presidente eleito, o Sr. Jo\u00e3o Aguiar Rainho e a sua sede situava-se na Rua do Col\u00e9gio &#8211; Bloco 4 Fra\u00e7\u00e3o &#8230; <a title=\"Hist\u00f3ria\" class=\"read-more\" href=\"https:\/\/acis.site\/wp\/quem-somos\/historia\/\" aria-label=\"Leia mais sobre Hist\u00f3ria\">Ler mais<\/a><\/p>\n","protected":false},"author":1,"featured_media":0,"parent":56,"menu_order":1,"comment_status":"closed","ping_status":"closed","template":"","meta":{"footnotes":""},"class_list":["post-232","page","type-page","status-publish"],"yoast_head":"<!-- This site is optimized with the Yoast SEO plugin v27.5 - https:\/\/yoast.com\/product\/yoast-seo-wordpress\/ -->\n<title>Hist\u00f3ria - ACISba<\/title>\n<meta name=\"robots\" content=\"index, follow, max-snippet:-1, max-image-preview:large, max-video-preview:-1\" \/>\n<link rel=\"canonical\" href=\"https:\/\/acis.site\/wp\/quem-somos\/historia\/\" \/>\n<meta property=\"og:locale\" content=\"pt_PT\" \/>\n<meta property=\"og:type\" content=\"article\" \/>\n<meta property=\"og:title\" content=\"Hist\u00f3ria - ACISba\" \/>\n<meta property=\"og:description\" content=\"Recordar o passado com gratid\u00e3o\u2026 No ano de 1994, pela indispensabilidade do suster pr\u00e9stimo \u00e0 \u201cEscola Profissional de Sernancelhe\u201d , para candidaturas na \u00e1rea da forma\u00e7\u00e3o, foi criada uma \u201cComiss\u00e3o Administrativa\u201d , tendo como 1\u00ba Presidente eleito, o Sr. Jo\u00e3o Aguiar Rainho e a sua sede situava-se na Rua do Col\u00e9gio &#8211; Bloco 4 Fra\u00e7\u00e3o ... Ler mais\" \/>\n<meta property=\"og:url\" content=\"https:\/\/acis.site\/wp\/quem-somos\/historia\/\" \/>\n<meta property=\"og:site_name\" content=\"ACISba\" \/>\n<meta property=\"article:publisher\" content=\"https:\/\/www.facebook.com\/ACIS-Associa%c3%a7%c3%a3o-Comercial-e-Industrial-de-Sernancelhe-257853951045751\/\" \/>\n<meta property=\"article:modified_time\" content=\"2021-01-04T12:24:40+00:00\" \/>\n<meta name=\"twitter:card\" content=\"summary_large_image\" \/>\n<meta name=\"twitter:site\" content=\"@ACIS74841533\" \/>\n<meta name=\"twitter:label1\" content=\"Tempo estimado de leitura\" \/>\n\t<meta name=\"twitter:data1\" content=\"4 minutos\" \/>\n<script type=\"application\/ld+json\" class=\"yoast-schema-graph\">{\"@context\":\"https:\\\/\\\/schema.org\",\"@graph\":[{\"@type\":\"WebPage\",\"@id\":\"https:\\\/\\\/acis.site\\\/wp\\\/quem-somos\\\/historia\\\/\",\"url\":\"https:\\\/\\\/acis.site\\\/wp\\\/quem-somos\\\/historia\\\/\",\"name\":\"Hist\u00f3ria - ACISba\",\"isPartOf\":{\"@id\":\"https:\\\/\\\/acis.site\\\/wp\\\/#website\"},\"datePublished\":\"2019-02-27T15:43:19+00:00\",\"dateModified\":\"2021-01-04T12:24:40+00:00\",\"breadcrumb\":{\"@id\":\"https:\\\/\\\/acis.site\\\/wp\\\/quem-somos\\\/historia\\\/#breadcrumb\"},\"inLanguage\":\"pt-PT\",\"potentialAction\":[{\"@type\":\"ReadAction\",\"target\":[\"https:\\\/\\\/acis.site\\\/wp\\\/quem-somos\\\/historia\\\/\"]}]},{\"@type\":\"BreadcrumbList\",\"@id\":\"https:\\\/\\\/acis.site\\\/wp\\\/quem-somos\\\/historia\\\/#breadcrumb\",\"itemListElement\":[{\"@type\":\"ListItem\",\"position\":1,\"name\":\"In\u00edcio\",\"item\":\"https:\\\/\\\/acis.site\\\/wp\\\/\"},{\"@type\":\"ListItem\",\"position\":2,\"name\":\"A Acis\",\"item\":\"https:\\\/\\\/acis.site\\\/wp\\\/quem-somos\\\/\"},{\"@type\":\"ListItem\",\"position\":3,\"name\":\"Hist\u00f3ria\"}]},{\"@type\":\"WebSite\",\"@id\":\"https:\\\/\\\/acis.site\\\/wp\\\/#website\",\"url\":\"https:\\\/\\\/acis.site\\\/wp\\\/\",\"name\":\"ACIS\",\"description\":\"\",\"publisher\":{\"@id\":\"https:\\\/\\\/acis.site\\\/wp\\\/#organization\"},\"potentialAction\":[{\"@type\":\"SearchAction\",\"target\":{\"@type\":\"EntryPoint\",\"urlTemplate\":\"https:\\\/\\\/acis.site\\\/wp\\\/?s={search_term_string}\"},\"query-input\":{\"@type\":\"PropertyValueSpecification\",\"valueRequired\":true,\"valueName\":\"search_term_string\"}}],\"inLanguage\":\"pt-PT\"},{\"@type\":\"Organization\",\"@id\":\"https:\\\/\\\/acis.site\\\/wp\\\/#organization\",\"name\":\"ACIS\",\"url\":\"https:\\\/\\\/acis.site\\\/wp\\\/\",\"logo\":{\"@type\":\"ImageObject\",\"inLanguage\":\"pt-PT\",\"@id\":\"https:\\\/\\\/acis.site\\\/wp\\\/#\\\/schema\\\/logo\\\/image\\\/\",\"url\":\"https:\\\/\\\/acis.site\\\/wp\\\/wp-content\\\/uploads\\\/2019\\\/02\\\/logo-espandido-pq.png\",\"contentUrl\":\"https:\\\/\\\/acis.site\\\/wp\\\/wp-content\\\/uploads\\\/2019\\\/02\\\/logo-espandido-pq.png\",\"width\":827,\"height\":215,\"caption\":\"ACIS\"},\"image\":{\"@id\":\"https:\\\/\\\/acis.site\\\/wp\\\/#\\\/schema\\\/logo\\\/image\\\/\"},\"sameAs\":[\"https:\\\/\\\/www.facebook.com\\\/ACIS-Associa\u00e7\u00e3o-Comercial-e-Industrial-de-Sernancelhe-257853951045751\\\/\",\"https:\\\/\\\/x.com\\\/ACIS74841533\"]}]}<\/script>\n<!-- \/ Yoast SEO plugin. -->","yoast_head_json":{"title":"Hist\u00f3ria - ACISba","robots":{"index":"index","follow":"follow","max-snippet":"max-snippet:-1","max-image-preview":"max-image-preview:large","max-video-preview":"max-video-preview:-1"},"canonical":"https:\/\/acis.site\/wp\/quem-somos\/historia\/","og_locale":"pt_PT","og_type":"article","og_title":"Hist\u00f3ria - ACISba","og_description":"Recordar o passado com gratid\u00e3o\u2026 No ano de 1994, pela indispensabilidade do suster pr\u00e9stimo \u00e0 \u201cEscola Profissional de Sernancelhe\u201d , para candidaturas na \u00e1rea da forma\u00e7\u00e3o, foi criada uma \u201cComiss\u00e3o Administrativa\u201d , tendo como 1\u00ba Presidente eleito, o Sr. Jo\u00e3o Aguiar Rainho e a sua sede situava-se na Rua do Col\u00e9gio &#8211; Bloco 4 Fra\u00e7\u00e3o ... Ler mais","og_url":"https:\/\/acis.site\/wp\/quem-somos\/historia\/","og_site_name":"ACISba","article_publisher":"https:\/\/www.facebook.com\/ACIS-Associa%c3%a7%c3%a3o-Comercial-e-Industrial-de-Sernancelhe-257853951045751\/","article_modified_time":"2021-01-04T12:24:40+00:00","twitter_card":"summary_large_image","twitter_site":"@ACIS74841533","twitter_misc":{"Tempo estimado de leitura":"4 minutos"},"schema":{"@context":"https:\/\/schema.org","@graph":[{"@type":"WebPage","@id":"https:\/\/acis.site\/wp\/quem-somos\/historia\/","url":"https:\/\/acis.site\/wp\/quem-somos\/historia\/","name":"Hist\u00f3ria - ACISba","isPartOf":{"@id":"https:\/\/acis.site\/wp\/#website"},"datePublished":"2019-02-27T15:43:19+00:00","dateModified":"2021-01-04T12:24:40+00:00","breadcrumb":{"@id":"https:\/\/acis.site\/wp\/quem-somos\/historia\/#breadcrumb"},"inLanguage":"pt-PT","potentialAction":[{"@type":"ReadAction","target":["https:\/\/acis.site\/wp\/quem-somos\/historia\/"]}]},{"@type":"BreadcrumbList","@id":"https:\/\/acis.site\/wp\/quem-somos\/historia\/#breadcrumb","itemListElement":[{"@type":"ListItem","position":1,"name":"In\u00edcio","item":"https:\/\/acis.site\/wp\/"},{"@type":"ListItem","position":2,"name":"A Acis","item":"https:\/\/acis.site\/wp\/quem-somos\/"},{"@type":"ListItem","position":3,"name":"Hist\u00f3ria"}]},{"@type":"WebSite","@id":"https:\/\/acis.site\/wp\/#website","url":"https:\/\/acis.site\/wp\/","name":"ACIS","description":"","publisher":{"@id":"https:\/\/acis.site\/wp\/#organization"},"potentialAction":[{"@type":"SearchAction","target":{"@type":"EntryPoint","urlTemplate":"https:\/\/acis.site\/wp\/?s={search_term_string}"},"query-input":{"@type":"PropertyValueSpecification","valueRequired":true,"valueName":"search_term_string"}}],"inLanguage":"pt-PT"},{"@type":"Organization","@id":"https:\/\/acis.site\/wp\/#organization","name":"ACIS","url":"https:\/\/acis.site\/wp\/","logo":{"@type":"ImageObject","inLanguage":"pt-PT","@id":"https:\/\/acis.site\/wp\/#\/schema\/logo\/image\/","url":"https:\/\/acis.site\/wp\/wp-content\/uploads\/2019\/02\/logo-espandido-pq.png","contentUrl":"https:\/\/acis.site\/wp\/wp-content\/uploads\/2019\/02\/logo-espandido-pq.png","width":827,"height":215,"caption":"ACIS"},"image":{"@id":"https:\/\/acis.site\/wp\/#\/schema\/logo\/image\/"},"sameAs":["https:\/\/www.facebook.com\/ACIS-Associa\u00e7\u00e3o-Comercial-e-Industrial-de-Sernancelhe-257853951045751\/","https:\/\/x.com\/ACIS74841533"]}]}},"_links":{"self":[{"href":"https:\/\/acis.site\/wp\/wp-json\/wp\/v2\/pages\/232","targetHints":{"allow":["GET"]}}],"collection":[{"href":"https:\/\/acis.site\/wp\/wp-json\/wp\/v2\/pages"}],"about":[{"href":"https:\/\/acis.site\/wp\/wp-json\/wp\/v2\/types\/page"}],"author":[{"embeddable":true,"href":"https:\/\/acis.site\/wp\/wp-json\/wp\/v2\/users\/1"}],"replies":[{"embeddable":true,"href":"https:\/\/acis.site\/wp\/wp-json\/wp\/v2\/comments?post=232"}],"version-history":[{"count":2,"href":"https:\/\/acis.site\/wp\/wp-json\/wp\/v2\/pages\/232\/revisions"}],"predecessor-version":[{"id":517,"href":"https:\/\/acis.site\/wp\/wp-json\/wp\/v2\/pages\/232\/revisions\/517"}],"up":[{"embeddable":true,"href":"https:\/\/acis.site\/wp\/wp-json\/wp\/v2\/pages\/56"}],"wp:attachment":[{"href":"https:\/\/acis.site\/wp\/wp-json\/wp\/v2\/media?parent=232"}],"curies":[{"name":"wp","href":"https:\/\/api.w.org\/{rel}","templated":true}]}}