{"id":336,"date":"2019-10-14T22:37:09","date_gmt":"2019-10-14T22:37:09","guid":{"rendered":"https:\/\/acis.site\/wp\/?page_id=336"},"modified":"2020-03-20T14:19:21","modified_gmt":"2020-03-20T14:19:21","slug":"concurso-cec","status":"publish","type":"page","link":"https:\/\/acis.site\/wp\/cursos\/a-realizar\/concurso-cec\/","title":{"rendered":"Concurso CEC"},"content":{"rendered":"\n<figure class=\"wp-block-image\"><img decoding=\"async\" width=\"208\" height=\"123\" src=\"https:\/\/acis.site\/wp\/wp-content\/uploads\/2019\/10\/image.png\" alt=\"\" class=\"wp-image-341\"\/><\/figure>\n\n\n\n<p>A ACIS \u2013 ASSOCIA\u00c7\u00c3O COMERCIAL E INDUSTRIAL DE SERNANCELHE obteve aprova\u00e7\u00e3o pelo COMPETE 2020 da sua candidatura com o c\u00f3digo POCI-03-3560-FSE-000685. O projeto enquadra-se no Sistema de Incentivos \u2013 Projetos Conjuntos Forma\u00e7\u00e3o A\u00e7\u00e3o \u2013 FSE, denominado Programa de Forma\u00e7\u00e3o PME do organismo Interm\u00e9dio CEC \u2013 Conselho Empresarial do Centro\/CCIC \u2013 C\u00e2mara de Com\u00e9rcio e Ind\u00fastria do Centro, no \u00e2mbito do Aviso n\u00famero 10\/SI\/2019.<\/p>\n\n\n\n<p><strong>IDENTIFICA\u00c7\u00c3O\nDO PROJETO<\/strong><\/p>\n\n\n\n<p>Aviso:\n10\/SI\/2019<\/p>\n\n\n\n<p>N\u00ba\nCandidatura: POCI-03-3560-FSE-000685<\/p>\n\n\n\n<p>Tipologia\nda opera\u00e7\u00e3o: Forma\u00e7\u00e3o-A\u00e7\u00e3o para PME <\/p>\n\n\n\n<p>Programa\nOperacional: Programa Operacional Competitividade e Internacionaliza\u00e7\u00e3o Fundo:\nFundo Social Europeu <\/p>\n\n\n\n<p>Eixo\nPriorit\u00e1rio: Promo\u00e7\u00e3o da sustentabilidade e da qualidade do emprego <\/p>\n\n\n\n<p>Objetivo\ntem\u00e1tico: Promover a sustentabilidade e a qualidade do emprego e apoiar a\nmobilidade laboral <\/p>\n\n\n\n<p>Prioridade\nde investimento: adapta\u00e7\u00e3o dos trabalhadores, das empresas e dos empres\u00e1rios \u00e0\nmudan\u00e7a <\/p>\n\n\n\n<p>Organismo\nInterm\u00e9dio: CEC \u2013 Conselho Empresarial do Centro\/CCIC \u2013 C\u00e2mara de Com\u00e9rcio e\nInd\u00fastria do Centro<\/p>\n\n\n\n<p>A\nforma\u00e7\u00e3o-a\u00e7\u00e3o \u00e9 uma interven\u00e7\u00e3o com aprendizagem em contexto organizacional e\nque mobiliza e internaliza compet\u00eancias com vista \u00e0 persecu\u00e7\u00e3o de resultados\nsuportados por uma determinada estrat\u00e9gia de mudan\u00e7a empresarial.<\/p>\n\n\n\n<p><strong>MONTANTES\nDO PROJETO<\/strong><\/p>\n\n\n\n<figure class=\"wp-block-table\"><table class=\"\"><tbody><tr><td>\n  <strong>CUSTO TOTAL ELEG\u00cdVEL<\/strong>\n  <\/td><td>\n  <strong>COMPARTICIPA\u00c7\u00c3O FSE<\/strong>\n  <\/td><td>\n  <strong>COMPARTICIPA\u00c7\u00c3O\n  PRIVADA<\/strong>\n  <\/td><\/tr><tr><td>\n  233.977,50\n  \u20ac\n  <\/td><td>\n  210.579,75\u20ac\n  <\/td><td>\n  23.397,75\u20ac\n  <\/td><\/tr><\/tbody><\/table><\/figure>\n\n\n\n<p><strong>TEM\u00c1TICAS\nE COMPONENTE F\u00cdSICA DA INTERVEN\u00c7\u00c3O<\/strong><\/p>\n\n\n\n<figure class=\"wp-block-table\"><table class=\"\"><tbody><tr><td>\n  &nbsp;\n  <\/td><td>\n  <strong>\u00c1REA TEM\u00c1TICA<\/strong>\n  <\/td><td>\n  <strong>TOTAL<\/strong>\n  <\/td><\/tr><tr><td>\n  <strong>IMPLEMENTA\u00c7\u00c3O DE\n  SISTEMAS DE GEST\u00c3O<\/strong>\n  <\/td><td>\n  <strong>ECONOMIA DIGITAL<\/strong>\n  <\/td><td>\n  <strong>40<\/strong>\n  <\/td><\/tr><tr><td>\n  <strong>N\u00ba\n  DE ENTIDADES BENEFICI\u00c1RIAS<\/strong>\n  <\/td><td>\n  10\n  <\/td><td>\n  10\n  <\/td><td>\n  20\n  <\/td><\/tr><tr><td>\n  N\u00ba DE HORAS DE\n  FORMA\u00c7\u00c3O\n  <\/td><td>\n  925\n  <\/td><td>\n  925\n  <\/td><td>\n  1850\n  <\/td><\/tr><tr><td>\n  N\u00ba DE HORAS DE\n  CONSULTORIA\n  <\/td><td>\n  1000\n  <\/td><td>\n  1000\n  <\/td><td>\n  2000\n  <\/td><\/tr><tr><td>\n  FORMANDOS\n  (CONSULT. E FORM.)\n  <\/td><td>\n  54\n  <\/td><td>\n  54\n  <\/td><td>\n  108\n  <\/td><\/tr><\/tbody><\/table><\/figure>\n\n\n\n<p><strong>PRAZO\nGERAL DE EXECU\u00c7\u00c3O DA PRESTA\u00c7\u00c3O DE SERVI\u00c7OS<\/strong><\/p>\n\n\n\n<p>24\nMESES<\/p>\n\n\n\n<p><strong>PROCEDIMENTO\nDE ADJUDICA\u00c7\u00c3O<\/strong><\/p>\n\n\n\n<p>De\nacordo com as orienta\u00e7\u00f5es do COMPETE 2020: <\/p>\n\n\n\n<ul class=\"wp-block-list\"><li>O artigo 6.\u00ba A do CCP\n(aditado pelo Decreto-Lei 111-B\/2017 de 31 de agosto) afasta do \u00e2mbito de\naplica\u00e7\u00e3o da contrata\u00e7\u00e3o p\u00fablica a aquisi\u00e7\u00e3o de servi\u00e7os de forma\u00e7\u00e3o, cujo\nvalor seja inferior a 750.000,00 euros.<\/li><\/ul>\n\n\n\n<p>Face ao exposto, a Dire\u00e7\u00e3o da ACIS \u2013 ASSOCIA\u00c7\u00c3O COMERCIAL E INDUSTRIAL DE SERNANCELHE decidiu em Assembleia Geral de 30-08-2019, adotar o procedimento de adjudica\u00e7\u00e3o por convite para a apresenta\u00e7\u00e3o de propostas para Aquisi\u00e7\u00e3o de servi\u00e7os de forma\u00e7\u00e3o, consultoria e acompanhamento ao projeto POCI-03-3560-FSE-000685.<\/p>\n\n\n\n<p><strong>CRIT\u00c9RIOS\nDE SELE\u00c7\u00c3O E PONDERA\u00c7\u00c3O NA AN\u00c1LISE DAS PROPOSTAS<\/strong><\/p>\n\n\n\n<ul class=\"wp-block-list\"><li>Participa\u00e7\u00e3o e experi\u00eancia\ncomprovada em anteriores edi\u00e7\u00f5es de programas de forma\u00e7\u00e3o-a\u00e7\u00e3o;<\/li><li>Compet\u00eancias, experi\u00eancia e\nmultidisciplinariedade da equipa t\u00e9cnica e pedag\u00f3gica que integrar\u00e1 a\ninterven\u00e7\u00e3o nas entidades benefici\u00e1rias, a analisar por envio dos respetivos\nCV\u2019s dos consultores;<\/li><li>Identifica\u00e7\u00e3o de empresas\nque cumpram os crit\u00e9rios de elegibilidade para entidades benefici\u00e1rias do\nprojeto, com preenchimento da ficha de manifesta\u00e7\u00e3o de interesse anexa;<\/li><li>Certifica\u00e7\u00e3o\nDGERT nas \u00e1reas tem\u00e1ticas de interven\u00e7\u00e3o;<\/li><li>Valor global da proposta;<\/li><\/ul>\n\n\n\n<p><strong>APRESENTA\u00c7\u00c3O\nDE PROPOSTAS<\/strong><\/p>\n\n\n\n<p>As propostas e demais documentos que as integram dever\u00e3o ser rececionadas nos nossos servi\u00e7os por via eletr\u00f3nica para o email  <br>projectos@acis.site, em resposta ao procedimento de adjudica\u00e7\u00e3o definido pela ACIS, at\u00e9 \u00e0s 23:59 do dia 18 de outubro de 2019.<\/p>\n\n\n\n<p><strong>D\u00daVIDAS\nE QUEST\u00d5ES<\/strong><\/p>\n\n\n\n<p>Qualquer d\u00favida ou quest\u00e3o ter\u00e1 de ser remetida por via eletr\u00f3nica para o seguinte email: projectos@acis.site.<\/p>\n\n\n\n<figure class=\"wp-block-image size-large\"><img fetchpriority=\"high\" decoding=\"async\" width=\"957\" height=\"129\" src=\"https:\/\/acis.site\/wp\/wp-content\/uploads\/2020\/02\/CEC_001.png\" alt=\"\" class=\"wp-image-393\" srcset=\"https:\/\/acis.site\/wp\/wp-content\/uploads\/2020\/02\/CEC_001.png 957w, https:\/\/acis.site\/wp\/wp-content\/uploads\/2020\/02\/CEC_001-300x40.png 300w, https:\/\/acis.site\/wp\/wp-content\/uploads\/2020\/02\/CEC_001-768x104.png 768w\" sizes=\"(max-width: 957px) 100vw, 957px\" \/><\/figure>\n","protected":false},"excerpt":{"rendered":"<p>A ACIS \u2013 ASSOCIA\u00c7\u00c3O COMERCIAL E INDUSTRIAL DE SERNANCELHE obteve aprova\u00e7\u00e3o pelo COMPETE 2020 da sua candidatura com o c\u00f3digo POCI-03-3560-FSE-000685. O projeto enquadra-se no Sistema de Incentivos \u2013 Projetos Conjuntos Forma\u00e7\u00e3o A\u00e7\u00e3o \u2013 FSE, denominado Programa de Forma\u00e7\u00e3o PME do organismo Interm\u00e9dio CEC \u2013 Conselho Empresarial do Centro\/CCIC \u2013 C\u00e2mara de Com\u00e9rcio e Ind\u00fastria &#8230; <a title=\"Concurso CEC\" class=\"read-more\" href=\"https:\/\/acis.site\/wp\/cursos\/a-realizar\/concurso-cec\/\" aria-label=\"Leia mais sobre Concurso CEC\">Ler mais<\/a><\/p>\n","protected":false},"author":2,"featured_media":0,"parent":171,"menu_order":0,"comment_status":"closed","ping_status":"closed","template":"","meta":{"footnotes":""},"class_list":["post-336","page","type-page","status-publish"],"yoast_head":"<!-- This site is optimized with the Yoast SEO plugin v27.3 - https:\/\/yoast.com\/product\/yoast-seo-wordpress\/ -->\n<title>Concurso CEC - ACISba<\/title>\n<meta name=\"robots\" content=\"index, follow, max-snippet:-1, max-image-preview:large, max-video-preview:-1\" \/>\n<link rel=\"canonical\" href=\"https:\/\/acis.site\/wp\/cursos\/a-realizar\/concurso-cec\/\" \/>\n<meta property=\"og:locale\" content=\"pt_PT\" \/>\n<meta property=\"og:type\" content=\"article\" \/>\n<meta property=\"og:title\" content=\"Concurso CEC - ACISba\" \/>\n<meta property=\"og:description\" content=\"A ACIS \u2013 ASSOCIA\u00c7\u00c3O COMERCIAL E INDUSTRIAL DE SERNANCELHE obteve aprova\u00e7\u00e3o pelo COMPETE 2020 da sua candidatura com o c\u00f3digo POCI-03-3560-FSE-000685. O projeto enquadra-se no Sistema de Incentivos \u2013 Projetos Conjuntos Forma\u00e7\u00e3o A\u00e7\u00e3o \u2013 FSE, denominado Programa de Forma\u00e7\u00e3o PME do organismo Interm\u00e9dio CEC \u2013 Conselho Empresarial do Centro\/CCIC \u2013 C\u00e2mara de Com\u00e9rcio e Ind\u00fastria ... Ler mais\" \/>\n<meta property=\"og:url\" content=\"https:\/\/acis.site\/wp\/cursos\/a-realizar\/concurso-cec\/\" \/>\n<meta property=\"og:site_name\" content=\"ACISba\" \/>\n<meta property=\"article:publisher\" content=\"https:\/\/www.facebook.com\/ACIS-Associa%c3%a7%c3%a3o-Comercial-e-Industrial-de-Sernancelhe-257853951045751\/\" \/>\n<meta property=\"article:modified_time\" content=\"2020-03-20T14:19:21+00:00\" \/>\n<meta property=\"og:image\" content=\"https:\/\/acis.site\/wp\/wp-content\/uploads\/2019\/10\/image.png\" \/>\n<meta name=\"twitter:card\" content=\"summary_large_image\" \/>\n<meta name=\"twitter:site\" content=\"@ACIS74841533\" \/>\n<meta name=\"twitter:label1\" content=\"Tempo estimado de leitura\" \/>\n\t<meta name=\"twitter:data1\" content=\"3 minutos\" \/>\n<script type=\"application\/ld+json\" class=\"yoast-schema-graph\">{\"@context\":\"https:\\\/\\\/schema.org\",\"@graph\":[{\"@type\":\"WebPage\",\"@id\":\"https:\\\/\\\/acis.site\\\/wp\\\/cursos\\\/a-realizar\\\/concurso-cec\\\/\",\"url\":\"https:\\\/\\\/acis.site\\\/wp\\\/cursos\\\/a-realizar\\\/concurso-cec\\\/\",\"name\":\"Concurso CEC - ACISba\",\"isPartOf\":{\"@id\":\"https:\\\/\\\/acis.site\\\/wp\\\/#website\"},\"primaryImageOfPage\":{\"@id\":\"https:\\\/\\\/acis.site\\\/wp\\\/cursos\\\/a-realizar\\\/concurso-cec\\\/#primaryimage\"},\"image\":{\"@id\":\"https:\\\/\\\/acis.site\\\/wp\\\/cursos\\\/a-realizar\\\/concurso-cec\\\/#primaryimage\"},\"thumbnailUrl\":\"https:\\\/\\\/acis.site\\\/wp\\\/wp-content\\\/uploads\\\/2019\\\/10\\\/image.png\",\"datePublished\":\"2019-10-14T22:37:09+00:00\",\"dateModified\":\"2020-03-20T14:19:21+00:00\",\"breadcrumb\":{\"@id\":\"https:\\\/\\\/acis.site\\\/wp\\\/cursos\\\/a-realizar\\\/concurso-cec\\\/#breadcrumb\"},\"inLanguage\":\"pt-PT\",\"potentialAction\":[{\"@type\":\"ReadAction\",\"target\":[\"https:\\\/\\\/acis.site\\\/wp\\\/cursos\\\/a-realizar\\\/concurso-cec\\\/\"]}]},{\"@type\":\"ImageObject\",\"inLanguage\":\"pt-PT\",\"@id\":\"https:\\\/\\\/acis.site\\\/wp\\\/cursos\\\/a-realizar\\\/concurso-cec\\\/#primaryimage\",\"url\":\"https:\\\/\\\/acis.site\\\/wp\\\/wp-content\\\/uploads\\\/2019\\\/10\\\/image.png\",\"contentUrl\":\"https:\\\/\\\/acis.site\\\/wp\\\/wp-content\\\/uploads\\\/2019\\\/10\\\/image.png\",\"width\":208,\"height\":123},{\"@type\":\"BreadcrumbList\",\"@id\":\"https:\\\/\\\/acis.site\\\/wp\\\/cursos\\\/a-realizar\\\/concurso-cec\\\/#breadcrumb\",\"itemListElement\":[{\"@type\":\"ListItem\",\"position\":1,\"name\":\"In\u00edcio\",\"item\":\"https:\\\/\\\/acis.site\\\/wp\\\/\"},{\"@type\":\"ListItem\",\"position\":2,\"name\":\"Projetos co-financiados\",\"item\":\"https:\\\/\\\/acis.site\\\/wp\\\/cursos\\\/\"},{\"@type\":\"ListItem\",\"position\":3,\"name\":\"Servi\u00e7os ao Associado\",\"item\":\"https:\\\/\\\/acis.site\\\/wp\\\/cursos\\\/a-realizar\\\/\"},{\"@type\":\"ListItem\",\"position\":4,\"name\":\"Concurso CEC\"}]},{\"@type\":\"WebSite\",\"@id\":\"https:\\\/\\\/acis.site\\\/wp\\\/#website\",\"url\":\"https:\\\/\\\/acis.site\\\/wp\\\/\",\"name\":\"ACIS\",\"description\":\"\",\"publisher\":{\"@id\":\"https:\\\/\\\/acis.site\\\/wp\\\/#organization\"},\"potentialAction\":[{\"@type\":\"SearchAction\",\"target\":{\"@type\":\"EntryPoint\",\"urlTemplate\":\"https:\\\/\\\/acis.site\\\/wp\\\/?s={search_term_string}\"},\"query-input\":{\"@type\":\"PropertyValueSpecification\",\"valueRequired\":true,\"valueName\":\"search_term_string\"}}],\"inLanguage\":\"pt-PT\"},{\"@type\":\"Organization\",\"@id\":\"https:\\\/\\\/acis.site\\\/wp\\\/#organization\",\"name\":\"ACIS\",\"url\":\"https:\\\/\\\/acis.site\\\/wp\\\/\",\"logo\":{\"@type\":\"ImageObject\",\"inLanguage\":\"pt-PT\",\"@id\":\"https:\\\/\\\/acis.site\\\/wp\\\/#\\\/schema\\\/logo\\\/image\\\/\",\"url\":\"https:\\\/\\\/acis.site\\\/wp\\\/wp-content\\\/uploads\\\/2019\\\/02\\\/logo-espandido-pq.png\",\"contentUrl\":\"https:\\\/\\\/acis.site\\\/wp\\\/wp-content\\\/uploads\\\/2019\\\/02\\\/logo-espandido-pq.png\",\"width\":827,\"height\":215,\"caption\":\"ACIS\"},\"image\":{\"@id\":\"https:\\\/\\\/acis.site\\\/wp\\\/#\\\/schema\\\/logo\\\/image\\\/\"},\"sameAs\":[\"https:\\\/\\\/www.facebook.com\\\/ACIS-Associa\u00e7\u00e3o-Comercial-e-Industrial-de-Sernancelhe-257853951045751\\\/\",\"https:\\\/\\\/x.com\\\/ACIS74841533\"]}]}<\/script>\n<!-- \/ Yoast SEO plugin. -->","yoast_head_json":{"title":"Concurso CEC - ACISba","robots":{"index":"index","follow":"follow","max-snippet":"max-snippet:-1","max-image-preview":"max-image-preview:large","max-video-preview":"max-video-preview:-1"},"canonical":"https:\/\/acis.site\/wp\/cursos\/a-realizar\/concurso-cec\/","og_locale":"pt_PT","og_type":"article","og_title":"Concurso CEC - ACISba","og_description":"A ACIS \u2013 ASSOCIA\u00c7\u00c3O COMERCIAL E INDUSTRIAL DE SERNANCELHE obteve aprova\u00e7\u00e3o pelo COMPETE 2020 da sua candidatura com o c\u00f3digo POCI-03-3560-FSE-000685. O projeto enquadra-se no Sistema de Incentivos \u2013 Projetos Conjuntos Forma\u00e7\u00e3o A\u00e7\u00e3o \u2013 FSE, denominado Programa de Forma\u00e7\u00e3o PME do organismo Interm\u00e9dio CEC \u2013 Conselho Empresarial do Centro\/CCIC \u2013 C\u00e2mara de Com\u00e9rcio e Ind\u00fastria ... Ler mais","og_url":"https:\/\/acis.site\/wp\/cursos\/a-realizar\/concurso-cec\/","og_site_name":"ACISba","article_publisher":"https:\/\/www.facebook.com\/ACIS-Associa%c3%a7%c3%a3o-Comercial-e-Industrial-de-Sernancelhe-257853951045751\/","article_modified_time":"2020-03-20T14:19:21+00:00","og_image":[{"url":"https:\/\/acis.site\/wp\/wp-content\/uploads\/2019\/10\/image.png","type":"","width":"","height":""}],"twitter_card":"summary_large_image","twitter_site":"@ACIS74841533","twitter_misc":{"Tempo estimado de leitura":"3 minutos"},"schema":{"@context":"https:\/\/schema.org","@graph":[{"@type":"WebPage","@id":"https:\/\/acis.site\/wp\/cursos\/a-realizar\/concurso-cec\/","url":"https:\/\/acis.site\/wp\/cursos\/a-realizar\/concurso-cec\/","name":"Concurso CEC - ACISba","isPartOf":{"@id":"https:\/\/acis.site\/wp\/#website"},"primaryImageOfPage":{"@id":"https:\/\/acis.site\/wp\/cursos\/a-realizar\/concurso-cec\/#primaryimage"},"image":{"@id":"https:\/\/acis.site\/wp\/cursos\/a-realizar\/concurso-cec\/#primaryimage"},"thumbnailUrl":"https:\/\/acis.site\/wp\/wp-content\/uploads\/2019\/10\/image.png","datePublished":"2019-10-14T22:37:09+00:00","dateModified":"2020-03-20T14:19:21+00:00","breadcrumb":{"@id":"https:\/\/acis.site\/wp\/cursos\/a-realizar\/concurso-cec\/#breadcrumb"},"inLanguage":"pt-PT","potentialAction":[{"@type":"ReadAction","target":["https:\/\/acis.site\/wp\/cursos\/a-realizar\/concurso-cec\/"]}]},{"@type":"ImageObject","inLanguage":"pt-PT","@id":"https:\/\/acis.site\/wp\/cursos\/a-realizar\/concurso-cec\/#primaryimage","url":"https:\/\/acis.site\/wp\/wp-content\/uploads\/2019\/10\/image.png","contentUrl":"https:\/\/acis.site\/wp\/wp-content\/uploads\/2019\/10\/image.png","width":208,"height":123},{"@type":"BreadcrumbList","@id":"https:\/\/acis.site\/wp\/cursos\/a-realizar\/concurso-cec\/#breadcrumb","itemListElement":[{"@type":"ListItem","position":1,"name":"In\u00edcio","item":"https:\/\/acis.site\/wp\/"},{"@type":"ListItem","position":2,"name":"Projetos co-financiados","item":"https:\/\/acis.site\/wp\/cursos\/"},{"@type":"ListItem","position":3,"name":"Servi\u00e7os ao Associado","item":"https:\/\/acis.site\/wp\/cursos\/a-realizar\/"},{"@type":"ListItem","position":4,"name":"Concurso CEC"}]},{"@type":"WebSite","@id":"https:\/\/acis.site\/wp\/#website","url":"https:\/\/acis.site\/wp\/","name":"ACIS","description":"","publisher":{"@id":"https:\/\/acis.site\/wp\/#organization"},"potentialAction":[{"@type":"SearchAction","target":{"@type":"EntryPoint","urlTemplate":"https:\/\/acis.site\/wp\/?s={search_term_string}"},"query-input":{"@type":"PropertyValueSpecification","valueRequired":true,"valueName":"search_term_string"}}],"inLanguage":"pt-PT"},{"@type":"Organization","@id":"https:\/\/acis.site\/wp\/#organization","name":"ACIS","url":"https:\/\/acis.site\/wp\/","logo":{"@type":"ImageObject","inLanguage":"pt-PT","@id":"https:\/\/acis.site\/wp\/#\/schema\/logo\/image\/","url":"https:\/\/acis.site\/wp\/wp-content\/uploads\/2019\/02\/logo-espandido-pq.png","contentUrl":"https:\/\/acis.site\/wp\/wp-content\/uploads\/2019\/02\/logo-espandido-pq.png","width":827,"height":215,"caption":"ACIS"},"image":{"@id":"https:\/\/acis.site\/wp\/#\/schema\/logo\/image\/"},"sameAs":["https:\/\/www.facebook.com\/ACIS-Associa\u00e7\u00e3o-Comercial-e-Industrial-de-Sernancelhe-257853951045751\/","https:\/\/x.com\/ACIS74841533"]}]}},"_links":{"self":[{"href":"https:\/\/acis.site\/wp\/wp-json\/wp\/v2\/pages\/336","targetHints":{"allow":["GET"]}}],"collection":[{"href":"https:\/\/acis.site\/wp\/wp-json\/wp\/v2\/pages"}],"about":[{"href":"https:\/\/acis.site\/wp\/wp-json\/wp\/v2\/types\/page"}],"author":[{"embeddable":true,"href":"https:\/\/acis.site\/wp\/wp-json\/wp\/v2\/users\/2"}],"replies":[{"embeddable":true,"href":"https:\/\/acis.site\/wp\/wp-json\/wp\/v2\/comments?post=336"}],"version-history":[{"count":6,"href":"https:\/\/acis.site\/wp\/wp-json\/wp\/v2\/pages\/336\/revisions"}],"predecessor-version":[{"id":399,"href":"https:\/\/acis.site\/wp\/wp-json\/wp\/v2\/pages\/336\/revisions\/399"}],"up":[{"embeddable":true,"href":"https:\/\/acis.site\/wp\/wp-json\/wp\/v2\/pages\/171"}],"wp:attachment":[{"href":"https:\/\/acis.site\/wp\/wp-json\/wp\/v2\/media?parent=336"}],"curies":[{"name":"wp","href":"https:\/\/api.w.org\/{rel}","templated":true}]}}