{"id":403,"date":"2020-03-20T16:02:05","date_gmt":"2020-03-20T16:02:05","guid":{"rendered":"https:\/\/acis.site\/wp\/?page_id=403"},"modified":"2020-03-20T16:34:44","modified_gmt":"2020-03-20T16:34:44","slug":"adjudicacao-concurso-aep","status":"publish","type":"page","link":"https:\/\/acis.site\/wp\/cursos\/a-realizar\/concurso-aep-2\/adjudicacao-concurso-aep\/","title":{"rendered":"Adjudica\u00e7\u00e3o Concurso AEP"},"content":{"rendered":"\n<figure class=\"wp-block-image size-large\"><img decoding=\"async\" width=\"216\" height=\"79\" src=\"https:\/\/acis.site\/wp\/wp-content\/uploads\/2019\/10\/image-2.png\" alt=\"\" class=\"wp-image-344\"\/><\/figure>\n\n\n\n<p><strong>ADJUDICA\u00c7\u00c3O\nPROJETO &#8211; POCI-03-3560-FSE-000662<\/strong><\/p>\n\n\n\n<p>No \u00e2mbito do procedimento\npara contrata\u00e7\u00e3o de uma entidade para presta\u00e7\u00e3o de servi\u00e7os de consultoria e\nforma\u00e7\u00e3o na candidatura com o c\u00f3digo POCI-03-3560-FSE-000662:<\/p>\n\n\n\n<p>De acordo com as orienta\u00e7\u00f5es da AEP \u2013 Associa\u00e7\u00e3o Empresarial de Portugal,\nrecebidas a 30 de setembro de 2019 (AEP OI Contrata\u00e7\u00e3o P\u00fablica \u2013 2\u00ba ciclo de\ncandidaturas forma\u00e7\u00e3o-a\u00e7\u00e3o ao abrigo do AVISO n\u00ba8\/SI\/2019):<\/p>\n\n\n\n<ul class=\"wp-block-list\"><li>O artigo 6.\u00ba A do CCP (aditado pelo Decreto-Lei\n     111-B\/2017 de 31 de agosto) afasta do \u00e2mbito de aplica\u00e7\u00e3o da contrata\u00e7\u00e3o\n     p\u00fablica a aquisi\u00e7\u00e3o de servi\u00e7os de forma\u00e7\u00e3o, cujo valor seja inferior a\n     750.000,00 euros.<\/li><\/ul>\n\n\n\n<p>Face ao exposto, a Dire\u00e7\u00e3o da ACIS \u2013 ASSOCIA\u00c7\u00c3O COMERCIAL E INDUSTRIAL DE\nSERNANCELHE decidiu em Assembleia Geral Extraordin\u00e1ria de 22-10-2019, adjudicar\n\u00e0 Empresa Process Advice \u2013 Consultoria, Auditoria e Assessoria de Gest\u00e3o o\nreferido procedimento pelo valor de 420.277,47\u20ac (quatrocentos e vinte mil,\nduzentos e setenta e sete euros e quarenta e sete c\u00eantimos), valores com IVA\ninclu\u00eddo.<\/p>\n\n\n\n<div class=\"wp-block-image\"><figure class=\"aligncenter size-large\"><img decoding=\"async\" width=\"567\" height=\"88\" src=\"https:\/\/acis.site\/wp\/wp-content\/uploads\/2019\/10\/image-3.png\" alt=\"\" class=\"wp-image-345\" srcset=\"https:\/\/acis.site\/wp\/wp-content\/uploads\/2019\/10\/image-3.png 567w, https:\/\/acis.site\/wp\/wp-content\/uploads\/2019\/10\/image-3-300x47.png 300w\" sizes=\"(max-width: 567px) 100vw, 567px\" \/><\/figure><\/div>\n","protected":false},"excerpt":{"rendered":"<p>ADJUDICA\u00c7\u00c3O PROJETO &#8211; POCI-03-3560-FSE-000662 No \u00e2mbito do procedimento para contrata\u00e7\u00e3o de uma entidade para presta\u00e7\u00e3o de servi\u00e7os de consultoria e forma\u00e7\u00e3o na candidatura com o c\u00f3digo POCI-03-3560-FSE-000662: De acordo com as orienta\u00e7\u00f5es da AEP \u2013 Associa\u00e7\u00e3o Empresarial de Portugal, recebidas a 30 de setembro de 2019 (AEP OI Contrata\u00e7\u00e3o P\u00fablica \u2013 2\u00ba ciclo de candidaturas &#8230; <a title=\"Adjudica\u00e7\u00e3o Concurso AEP\" class=\"read-more\" href=\"https:\/\/acis.site\/wp\/cursos\/a-realizar\/concurso-aep-2\/adjudicacao-concurso-aep\/\" aria-label=\"Leia mais sobre Adjudica\u00e7\u00e3o Concurso AEP\">Ler mais<\/a><\/p>\n","protected":false},"author":2,"featured_media":0,"parent":400,"menu_order":0,"comment_status":"closed","ping_status":"closed","template":"","meta":{"footnotes":""},"class_list":["post-403","page","type-page","status-publish"],"yoast_head":"<!-- This site is optimized with the Yoast SEO plugin v27.3 - https:\/\/yoast.com\/product\/yoast-seo-wordpress\/ -->\n<title>Adjudica\u00e7\u00e3o Concurso AEP - ACISba<\/title>\n<meta name=\"robots\" content=\"index, follow, max-snippet:-1, max-image-preview:large, max-video-preview:-1\" \/>\n<link rel=\"canonical\" href=\"https:\/\/acis.site\/wp\/cursos\/a-realizar\/concurso-aep-2\/adjudicacao-concurso-aep\/\" \/>\n<meta property=\"og:locale\" content=\"pt_PT\" \/>\n<meta property=\"og:type\" content=\"article\" \/>\n<meta property=\"og:title\" content=\"Adjudica\u00e7\u00e3o Concurso AEP - ACISba\" \/>\n<meta property=\"og:description\" content=\"ADJUDICA\u00c7\u00c3O PROJETO &#8211; POCI-03-3560-FSE-000662 No \u00e2mbito do procedimento para contrata\u00e7\u00e3o de uma entidade para presta\u00e7\u00e3o de servi\u00e7os de consultoria e forma\u00e7\u00e3o na candidatura com o c\u00f3digo POCI-03-3560-FSE-000662: De acordo com as orienta\u00e7\u00f5es da AEP \u2013 Associa\u00e7\u00e3o Empresarial de Portugal, recebidas a 30 de setembro de 2019 (AEP OI Contrata\u00e7\u00e3o P\u00fablica \u2013 2\u00ba ciclo de candidaturas ... Ler mais\" \/>\n<meta property=\"og:url\" content=\"https:\/\/acis.site\/wp\/cursos\/a-realizar\/concurso-aep-2\/adjudicacao-concurso-aep\/\" \/>\n<meta property=\"og:site_name\" content=\"ACISba\" \/>\n<meta property=\"article:publisher\" content=\"https:\/\/www.facebook.com\/ACIS-Associa%c3%a7%c3%a3o-Comercial-e-Industrial-de-Sernancelhe-257853951045751\/\" \/>\n<meta property=\"article:modified_time\" content=\"2020-03-20T16:34:44+00:00\" \/>\n<meta property=\"og:image\" content=\"https:\/\/acis.site\/wp\/wp-content\/uploads\/2019\/10\/image-2.png\" \/>\n<meta name=\"twitter:card\" content=\"summary_large_image\" \/>\n<meta name=\"twitter:site\" content=\"@ACIS74841533\" \/>\n<meta name=\"twitter:label1\" content=\"Tempo estimado de leitura\" \/>\n\t<meta name=\"twitter:data1\" content=\"1 minuto\" \/>\n<script type=\"application\/ld+json\" class=\"yoast-schema-graph\">{\"@context\":\"https:\\\/\\\/schema.org\",\"@graph\":[{\"@type\":\"WebPage\",\"@id\":\"https:\\\/\\\/acis.site\\\/wp\\\/cursos\\\/a-realizar\\\/concurso-aep-2\\\/adjudicacao-concurso-aep\\\/\",\"url\":\"https:\\\/\\\/acis.site\\\/wp\\\/cursos\\\/a-realizar\\\/concurso-aep-2\\\/adjudicacao-concurso-aep\\\/\",\"name\":\"Adjudica\u00e7\u00e3o Concurso AEP - ACISba\",\"isPartOf\":{\"@id\":\"https:\\\/\\\/acis.site\\\/wp\\\/#website\"},\"primaryImageOfPage\":{\"@id\":\"https:\\\/\\\/acis.site\\\/wp\\\/cursos\\\/a-realizar\\\/concurso-aep-2\\\/adjudicacao-concurso-aep\\\/#primaryimage\"},\"image\":{\"@id\":\"https:\\\/\\\/acis.site\\\/wp\\\/cursos\\\/a-realizar\\\/concurso-aep-2\\\/adjudicacao-concurso-aep\\\/#primaryimage\"},\"thumbnailUrl\":\"https:\\\/\\\/acis.site\\\/wp\\\/wp-content\\\/uploads\\\/2019\\\/10\\\/image-2.png\",\"datePublished\":\"2020-03-20T16:02:05+00:00\",\"dateModified\":\"2020-03-20T16:34:44+00:00\",\"breadcrumb\":{\"@id\":\"https:\\\/\\\/acis.site\\\/wp\\\/cursos\\\/a-realizar\\\/concurso-aep-2\\\/adjudicacao-concurso-aep\\\/#breadcrumb\"},\"inLanguage\":\"pt-PT\",\"potentialAction\":[{\"@type\":\"ReadAction\",\"target\":[\"https:\\\/\\\/acis.site\\\/wp\\\/cursos\\\/a-realizar\\\/concurso-aep-2\\\/adjudicacao-concurso-aep\\\/\"]}]},{\"@type\":\"ImageObject\",\"inLanguage\":\"pt-PT\",\"@id\":\"https:\\\/\\\/acis.site\\\/wp\\\/cursos\\\/a-realizar\\\/concurso-aep-2\\\/adjudicacao-concurso-aep\\\/#primaryimage\",\"url\":\"https:\\\/\\\/acis.site\\\/wp\\\/wp-content\\\/uploads\\\/2019\\\/10\\\/image-2.png\",\"contentUrl\":\"https:\\\/\\\/acis.site\\\/wp\\\/wp-content\\\/uploads\\\/2019\\\/10\\\/image-2.png\",\"width\":216,\"height\":79},{\"@type\":\"BreadcrumbList\",\"@id\":\"https:\\\/\\\/acis.site\\\/wp\\\/cursos\\\/a-realizar\\\/concurso-aep-2\\\/adjudicacao-concurso-aep\\\/#breadcrumb\",\"itemListElement\":[{\"@type\":\"ListItem\",\"position\":1,\"name\":\"In\u00edcio\",\"item\":\"https:\\\/\\\/acis.site\\\/wp\\\/\"},{\"@type\":\"ListItem\",\"position\":2,\"name\":\"Projetos co-financiados\",\"item\":\"https:\\\/\\\/acis.site\\\/wp\\\/cursos\\\/\"},{\"@type\":\"ListItem\",\"position\":3,\"name\":\"Servi\u00e7os ao Associado\",\"item\":\"https:\\\/\\\/acis.site\\\/wp\\\/cursos\\\/a-realizar\\\/\"},{\"@type\":\"ListItem\",\"position\":4,\"name\":\"Concurso AEP\",\"item\":\"https:\\\/\\\/acis.site\\\/wp\\\/cursos\\\/a-realizar\\\/concurso-aep-2\\\/\"},{\"@type\":\"ListItem\",\"position\":5,\"name\":\"Adjudica\u00e7\u00e3o Concurso AEP\"}]},{\"@type\":\"WebSite\",\"@id\":\"https:\\\/\\\/acis.site\\\/wp\\\/#website\",\"url\":\"https:\\\/\\\/acis.site\\\/wp\\\/\",\"name\":\"ACIS\",\"description\":\"\",\"publisher\":{\"@id\":\"https:\\\/\\\/acis.site\\\/wp\\\/#organization\"},\"potentialAction\":[{\"@type\":\"SearchAction\",\"target\":{\"@type\":\"EntryPoint\",\"urlTemplate\":\"https:\\\/\\\/acis.site\\\/wp\\\/?s={search_term_string}\"},\"query-input\":{\"@type\":\"PropertyValueSpecification\",\"valueRequired\":true,\"valueName\":\"search_term_string\"}}],\"inLanguage\":\"pt-PT\"},{\"@type\":\"Organization\",\"@id\":\"https:\\\/\\\/acis.site\\\/wp\\\/#organization\",\"name\":\"ACIS\",\"url\":\"https:\\\/\\\/acis.site\\\/wp\\\/\",\"logo\":{\"@type\":\"ImageObject\",\"inLanguage\":\"pt-PT\",\"@id\":\"https:\\\/\\\/acis.site\\\/wp\\\/#\\\/schema\\\/logo\\\/image\\\/\",\"url\":\"https:\\\/\\\/acis.site\\\/wp\\\/wp-content\\\/uploads\\\/2019\\\/02\\\/logo-espandido-pq.png\",\"contentUrl\":\"https:\\\/\\\/acis.site\\\/wp\\\/wp-content\\\/uploads\\\/2019\\\/02\\\/logo-espandido-pq.png\",\"width\":827,\"height\":215,\"caption\":\"ACIS\"},\"image\":{\"@id\":\"https:\\\/\\\/acis.site\\\/wp\\\/#\\\/schema\\\/logo\\\/image\\\/\"},\"sameAs\":[\"https:\\\/\\\/www.facebook.com\\\/ACIS-Associa\u00e7\u00e3o-Comercial-e-Industrial-de-Sernancelhe-257853951045751\\\/\",\"https:\\\/\\\/x.com\\\/ACIS74841533\"]}]}<\/script>\n<!-- \/ Yoast SEO plugin. -->","yoast_head_json":{"title":"Adjudica\u00e7\u00e3o Concurso AEP - ACISba","robots":{"index":"index","follow":"follow","max-snippet":"max-snippet:-1","max-image-preview":"max-image-preview:large","max-video-preview":"max-video-preview:-1"},"canonical":"https:\/\/acis.site\/wp\/cursos\/a-realizar\/concurso-aep-2\/adjudicacao-concurso-aep\/","og_locale":"pt_PT","og_type":"article","og_title":"Adjudica\u00e7\u00e3o Concurso AEP - ACISba","og_description":"ADJUDICA\u00c7\u00c3O PROJETO &#8211; POCI-03-3560-FSE-000662 No \u00e2mbito do procedimento para contrata\u00e7\u00e3o de uma entidade para presta\u00e7\u00e3o de servi\u00e7os de consultoria e forma\u00e7\u00e3o na candidatura com o c\u00f3digo POCI-03-3560-FSE-000662: De acordo com as orienta\u00e7\u00f5es da AEP \u2013 Associa\u00e7\u00e3o Empresarial de Portugal, recebidas a 30 de setembro de 2019 (AEP OI Contrata\u00e7\u00e3o P\u00fablica \u2013 2\u00ba ciclo de candidaturas ... Ler mais","og_url":"https:\/\/acis.site\/wp\/cursos\/a-realizar\/concurso-aep-2\/adjudicacao-concurso-aep\/","og_site_name":"ACISba","article_publisher":"https:\/\/www.facebook.com\/ACIS-Associa%c3%a7%c3%a3o-Comercial-e-Industrial-de-Sernancelhe-257853951045751\/","article_modified_time":"2020-03-20T16:34:44+00:00","og_image":[{"url":"https:\/\/acis.site\/wp\/wp-content\/uploads\/2019\/10\/image-2.png","type":"","width":"","height":""}],"twitter_card":"summary_large_image","twitter_site":"@ACIS74841533","twitter_misc":{"Tempo estimado de leitura":"1 minuto"},"schema":{"@context":"https:\/\/schema.org","@graph":[{"@type":"WebPage","@id":"https:\/\/acis.site\/wp\/cursos\/a-realizar\/concurso-aep-2\/adjudicacao-concurso-aep\/","url":"https:\/\/acis.site\/wp\/cursos\/a-realizar\/concurso-aep-2\/adjudicacao-concurso-aep\/","name":"Adjudica\u00e7\u00e3o Concurso AEP - ACISba","isPartOf":{"@id":"https:\/\/acis.site\/wp\/#website"},"primaryImageOfPage":{"@id":"https:\/\/acis.site\/wp\/cursos\/a-realizar\/concurso-aep-2\/adjudicacao-concurso-aep\/#primaryimage"},"image":{"@id":"https:\/\/acis.site\/wp\/cursos\/a-realizar\/concurso-aep-2\/adjudicacao-concurso-aep\/#primaryimage"},"thumbnailUrl":"https:\/\/acis.site\/wp\/wp-content\/uploads\/2019\/10\/image-2.png","datePublished":"2020-03-20T16:02:05+00:00","dateModified":"2020-03-20T16:34:44+00:00","breadcrumb":{"@id":"https:\/\/acis.site\/wp\/cursos\/a-realizar\/concurso-aep-2\/adjudicacao-concurso-aep\/#breadcrumb"},"inLanguage":"pt-PT","potentialAction":[{"@type":"ReadAction","target":["https:\/\/acis.site\/wp\/cursos\/a-realizar\/concurso-aep-2\/adjudicacao-concurso-aep\/"]}]},{"@type":"ImageObject","inLanguage":"pt-PT","@id":"https:\/\/acis.site\/wp\/cursos\/a-realizar\/concurso-aep-2\/adjudicacao-concurso-aep\/#primaryimage","url":"https:\/\/acis.site\/wp\/wp-content\/uploads\/2019\/10\/image-2.png","contentUrl":"https:\/\/acis.site\/wp\/wp-content\/uploads\/2019\/10\/image-2.png","width":216,"height":79},{"@type":"BreadcrumbList","@id":"https:\/\/acis.site\/wp\/cursos\/a-realizar\/concurso-aep-2\/adjudicacao-concurso-aep\/#breadcrumb","itemListElement":[{"@type":"ListItem","position":1,"name":"In\u00edcio","item":"https:\/\/acis.site\/wp\/"},{"@type":"ListItem","position":2,"name":"Projetos co-financiados","item":"https:\/\/acis.site\/wp\/cursos\/"},{"@type":"ListItem","position":3,"name":"Servi\u00e7os ao Associado","item":"https:\/\/acis.site\/wp\/cursos\/a-realizar\/"},{"@type":"ListItem","position":4,"name":"Concurso AEP","item":"https:\/\/acis.site\/wp\/cursos\/a-realizar\/concurso-aep-2\/"},{"@type":"ListItem","position":5,"name":"Adjudica\u00e7\u00e3o Concurso AEP"}]},{"@type":"WebSite","@id":"https:\/\/acis.site\/wp\/#website","url":"https:\/\/acis.site\/wp\/","name":"ACIS","description":"","publisher":{"@id":"https:\/\/acis.site\/wp\/#organization"},"potentialAction":[{"@type":"SearchAction","target":{"@type":"EntryPoint","urlTemplate":"https:\/\/acis.site\/wp\/?s={search_term_string}"},"query-input":{"@type":"PropertyValueSpecification","valueRequired":true,"valueName":"search_term_string"}}],"inLanguage":"pt-PT"},{"@type":"Organization","@id":"https:\/\/acis.site\/wp\/#organization","name":"ACIS","url":"https:\/\/acis.site\/wp\/","logo":{"@type":"ImageObject","inLanguage":"pt-PT","@id":"https:\/\/acis.site\/wp\/#\/schema\/logo\/image\/","url":"https:\/\/acis.site\/wp\/wp-content\/uploads\/2019\/02\/logo-espandido-pq.png","contentUrl":"https:\/\/acis.site\/wp\/wp-content\/uploads\/2019\/02\/logo-espandido-pq.png","width":827,"height":215,"caption":"ACIS"},"image":{"@id":"https:\/\/acis.site\/wp\/#\/schema\/logo\/image\/"},"sameAs":["https:\/\/www.facebook.com\/ACIS-Associa\u00e7\u00e3o-Comercial-e-Industrial-de-Sernancelhe-257853951045751\/","https:\/\/x.com\/ACIS74841533"]}]}},"_links":{"self":[{"href":"https:\/\/acis.site\/wp\/wp-json\/wp\/v2\/pages\/403","targetHints":{"allow":["GET"]}}],"collection":[{"href":"https:\/\/acis.site\/wp\/wp-json\/wp\/v2\/pages"}],"about":[{"href":"https:\/\/acis.site\/wp\/wp-json\/wp\/v2\/types\/page"}],"author":[{"embeddable":true,"href":"https:\/\/acis.site\/wp\/wp-json\/wp\/v2\/users\/2"}],"replies":[{"embeddable":true,"href":"https:\/\/acis.site\/wp\/wp-json\/wp\/v2\/comments?post=403"}],"version-history":[{"count":4,"href":"https:\/\/acis.site\/wp\/wp-json\/wp\/v2\/pages\/403\/revisions"}],"predecessor-version":[{"id":411,"href":"https:\/\/acis.site\/wp\/wp-json\/wp\/v2\/pages\/403\/revisions\/411"}],"up":[{"embeddable":true,"href":"https:\/\/acis.site\/wp\/wp-json\/wp\/v2\/pages\/400"}],"wp:attachment":[{"href":"https:\/\/acis.site\/wp\/wp-json\/wp\/v2\/media?parent=403"}],"curies":[{"name":"wp","href":"https:\/\/api.w.org\/{rel}","templated":true}]}}